{"id":3193,"date":"2024-05-21T15:58:56","date_gmt":"2024-05-21T13:58:56","guid":{"rendered":"https:\/\/dev-web.ch\/helvetica-partners\/?page_id=3193"},"modified":"2025-02-11T15:21:58","modified_gmt":"2025-02-11T14:21:58","slug":"blog","status":"publish","type":"page","link":"https:\/\/www.helvetica-partners.com\/de\/blog\/","title":{"rendered":"Blog"},"content":{"rendered":"\t\t<div data-elementor-type=\"wp-page\" data-elementor-id=\"3193\" class=\"elementor elementor-3193 elementor-1456\">\n\t\t\t\t\t\t<section class=\"elementor-section elementor-top-section elementor-element elementor-element-57452036 elementor-section-height-min-height elementor-section-boxed elementor-section-height-default elementor-section-items-middle\" data-id=\"57452036\" data-element_type=\"section\" data-settings=\"{&quot;background_background&quot;:&quot;gradient&quot;}\">\n\t\t\t\t\t\t<div class=\"elementor-container elementor-column-gap-default\">\n\t\t\t\t\t<div class=\"elementor-column elementor-col-100 elementor-top-column elementor-element elementor-element-21b8a926\" data-id=\"21b8a926\" data-element_type=\"column\">\n\t\t\t<div class=\"elementor-widget-wrap elementor-element-populated\">\n\t\t\t\t\t\t<div class=\"elementor-element elementor-element-29f93ce9 elementor-widget elementor-widget-heading\" data-id=\"29f93ce9\" data-element_type=\"widget\" data-widget_type=\"heading.default\">\n\t\t\t\t<div class=\"elementor-widget-container\">\n\t\t\t\t\t<h1 class=\"elementor-heading-title elementor-size-default\">Blog<\/h1>\t\t\t\t<\/div>\n\t\t\t\t<\/div>\n\t\t\t\t<div class=\"elementor-element elementor-element-1b3789bf elementor-widget elementor-widget-text-editor\" data-id=\"1b3789bf\" data-element_type=\"widget\" data-widget_type=\"text-editor.default\">\n\t\t\t\t<div class=\"elementor-widget-container\">\n\t\t\t\t\t\t\t\t\t<a href=\"https:\/\/www.helvetica-partners.com\/de\/\">Startseite<\/a> &gt; Blog\t\t\t\t\t\t\t\t<\/div>\n\t\t\t\t<\/div>\n\t\t\t\t\t<\/div>\n\t\t<\/div>\n\t\t\t\t\t<\/div>\n\t\t<\/section>\n\t\t\t\t<section class=\"elementor-section elementor-top-section elementor-element elementor-element-383871f4 elementor-section-boxed elementor-section-height-default elementor-section-height-default\" data-id=\"383871f4\" data-element_type=\"section\">\n\t\t\t\t\t\t<div class=\"elementor-container elementor-column-gap-default\">\n\t\t\t\t\t<div class=\"elementor-column elementor-col-100 elementor-top-column elementor-element elementor-element-1ef3c57b\" data-id=\"1ef3c57b\" data-element_type=\"column\">\n\t\t\t<div class=\"elementor-widget-wrap elementor-element-populated\">\n\t\t\t\t\t\t<section class=\"elementor-section elementor-inner-section elementor-element elementor-element-595e5c24 elementor-section-boxed elementor-section-height-default elementor-section-height-default\" data-id=\"595e5c24\" data-element_type=\"section\">\n\t\t\t\t\t\t<div class=\"elementor-container elementor-column-gap-default\">\n\t\t\t\t\t<div class=\"elementor-column elementor-col-50 elementor-inner-column elementor-element elementor-element-26aa9740\" data-id=\"26aa9740\" data-element_type=\"column\">\n\t\t\t<div class=\"elementor-widget-wrap elementor-element-populated\">\n\t\t\t\t\t\t<div class=\"elementor-element elementor-element-2499f1cc elementor-widget elementor-widget-heading\" data-id=\"2499f1cc\" data-element_type=\"widget\" data-widget_type=\"heading.default\">\n\t\t\t\t<div class=\"elementor-widget-container\">\n\t\t\t\t\t<h6 class=\"elementor-heading-title elementor-size-default\">Blog &amp; Article<\/h6>\t\t\t\t<\/div>\n\t\t\t\t<\/div>\n\t\t\t\t<div class=\"elementor-element elementor-element-3bb2195e elementor-widget elementor-widget-heading\" data-id=\"3bb2195e\" data-element_type=\"widget\" data-widget_type=\"heading.default\">\n\t\t\t\t<div class=\"elementor-widget-container\">\n\t\t\t\t\t<h2 class=\"elementor-heading-title elementor-size-default\">Lesen Sie unsere neuesten Artikel<\/h2>\t\t\t\t<\/div>\n\t\t\t\t<\/div>\n\t\t\t\t\t<\/div>\n\t\t<\/div>\n\t\t\t\t<div class=\"elementor-column elementor-col-50 elementor-inner-column elementor-element elementor-element-f2c680b\" data-id=\"f2c680b\" data-element_type=\"column\">\n\t\t\t<div class=\"elementor-widget-wrap\">\n\t\t\t\t\t\t\t<\/div>\n\t\t<\/div>\n\t\t\t\t\t<\/div>\n\t\t<\/section>\n\t\t\t\t<div class=\"elementor-element elementor-element-6b05021 elementor-widget elementor-widget-rkit-post-grid-post\" data-id=\"6b05021\" data-element_type=\"widget\" data-widget_type=\"rkit-post-grid-post.default\">\n\t\t\t\t<div class=\"elementor-widget-container\">\n\t\t\t\t\t        <div class=\"rkit-post-grid\">\r\n                            <div class=\"rkit-post-grid-card  elementor-animation-\">\r\n                                            <div class=\"rkit-image-container\">\r\n                                                        <a class=\"rkit-image-link\" style=\"overflow: hidden;\" href=\"https:\/\/www.helvetica-partners.com\/de\/die-besten-methoden-um-ihr-linkedin-profil-zu-optimieren-und-die-aufmerksamkeit-der-personalverantwortlichen-zu-gewinnen\/\">\r\n                                <img fetchpriority=\"high\" decoding=\"async\" width=\"1920\" height=\"1638\" src=\"https:\/\/www.helvetica-partners.com\/wp-content\/uploads\/2024\/05\/Linkedin-1.jpg\" class=\"rkit-post-grid-img wp-post-image\" alt=\"\" srcset=\"https:\/\/www.helvetica-partners.com\/wp-content\/uploads\/2024\/05\/Linkedin-1.jpg 1920w, https:\/\/www.helvetica-partners.com\/wp-content\/uploads\/2024\/05\/Linkedin-1-300x256.jpg 300w, https:\/\/www.helvetica-partners.com\/wp-content\/uploads\/2024\/05\/Linkedin-1-1024x874.jpg 1024w, https:\/\/www.helvetica-partners.com\/wp-content\/uploads\/2024\/05\/Linkedin-1-768x655.jpg 768w, https:\/\/www.helvetica-partners.com\/wp-content\/uploads\/2024\/05\/Linkedin-1-1536x1310.jpg 1536w\" sizes=\"(max-width: 1920px) 100vw, 1920px\" \/>                            <\/a>\r\n                                                            <div class=\"rkit-float-metawrapper-date\">\r\n                                    <span><strong>24<\/strong>Mai<\/span>\r\n                                <\/div>   \r\n                                                    <\/div>\r\n                                        <div class=\"rkit-post-grid-body \">\r\n                                                    <div class=\"rkit-metadata\">\r\n                                                                                <div class=\"rkit-metadata-item\">\r\n                                                    <i aria-hidden=\"true\" class=\"rkit-meta-icon fas fa-user\"><\/i>                                                    <a href=\"https:\/\/www.helvetica-partners.com\/de\/author\/eminence\/\" title=\"Beitr\u00e4ge von Eminence\" rel=\"author\">Eminence<\/a>                                                <\/div>\r\n                                                                                            <div class=\"rkit-metadata-item\">\r\n                                                    <i aria-hidden=\"true\" class=\"rkit-meta-icon fas fa-calendar\"><\/i>                                                    <span>Mai 24, 2024<\/span>\r\n                                                <\/div>\r\n                                                                        <\/div>\r\n                                                                            <div class=\"rkit-post-grid-title-container\">\r\n                                <a class=\"rkit-post-grid-title\" href=\"https:\/\/www.helvetica-partners.com\/de\/die-besten-methoden-um-ihr-linkedin-profil-zu-optimieren-und-die-aufmerksamkeit-der-personalverantwortlichen-zu-gewinnen\/\">Die besten Methoden, um Ihr LinkedIn-Profil zu optimieren und die Aufmerksamkeit der Personalverantwortlichen zu gewinnen.<\/a>\r\n                            <\/div>\r\n                                                                                                    <div class=\"rkit-post-grid-content\">\r\n                                <p class=\"rkit-post-grid-paragraph\">Auf der Suche nach beruflichen M\u00f6glichkeiten? Finden Sie heraus, wie Sie hervorstechen und Ihr LinkedIn-Profil&hellip;                                <\/p>\r\n                            <\/div>\r\n                                                                                            <\/div>\r\n                <\/div>\r\n                <div class=\"rkit-post-grid-card  elementor-animation-\">\r\n                                            <div class=\"rkit-image-container\">\r\n                                                        <a class=\"rkit-image-link\" style=\"overflow: hidden;\" href=\"https:\/\/www.helvetica-partners.com\/de\/try-and-hire-erfolgreicher-einstellungsprozess-ab-dem-ersten-versuch\/\">\r\n                                <img decoding=\"async\" width=\"1920\" height=\"1280\" src=\"https:\/\/www.helvetica-partners.com\/wp-content\/uploads\/2024\/05\/article-1.jpg\" class=\"rkit-post-grid-img wp-post-image\" alt=\"\" srcset=\"https:\/\/www.helvetica-partners.com\/wp-content\/uploads\/2024\/05\/article-1.jpg 1920w, https:\/\/www.helvetica-partners.com\/wp-content\/uploads\/2024\/05\/article-1-300x200.jpg 300w, https:\/\/www.helvetica-partners.com\/wp-content\/uploads\/2024\/05\/article-1-1024x683.jpg 1024w, https:\/\/www.helvetica-partners.com\/wp-content\/uploads\/2024\/05\/article-1-768x512.jpg 768w, https:\/\/www.helvetica-partners.com\/wp-content\/uploads\/2024\/05\/article-1-1536x1024.jpg 1536w\" sizes=\"(max-width: 1920px) 100vw, 1920px\" \/>                            <\/a>\r\n                                                            <div class=\"rkit-float-metawrapper-date\">\r\n                                    <span><strong>16<\/strong>Mai<\/span>\r\n                                <\/div>   \r\n                                                    <\/div>\r\n                                        <div class=\"rkit-post-grid-body \">\r\n                                                    <div class=\"rkit-metadata\">\r\n                                                                                <div class=\"rkit-metadata-item\">\r\n                                                    <i aria-hidden=\"true\" class=\"rkit-meta-icon fas fa-user\"><\/i>                                                    <a href=\"https:\/\/www.helvetica-partners.com\/de\/author\/eminence\/\" title=\"Beitr\u00e4ge von Eminence\" rel=\"author\">Eminence<\/a>                                                <\/div>\r\n                                                                                            <div class=\"rkit-metadata-item\">\r\n                                                    <i aria-hidden=\"true\" class=\"rkit-meta-icon fas fa-calendar\"><\/i>                                                    <span>Mai 16, 2024<\/span>\r\n                                                <\/div>\r\n                                                                        <\/div>\r\n                                                                            <div class=\"rkit-post-grid-title-container\">\r\n                                <a class=\"rkit-post-grid-title\" href=\"https:\/\/www.helvetica-partners.com\/de\/try-and-hire-erfolgreicher-einstellungsprozess-ab-dem-ersten-versuch\/\">Try and Hire: Erfolgreicher Einstellungsprozess ab dem ersten Versuch!<\/a>\r\n                            <\/div>\r\n                                                                                                    <div class=\"rkit-post-grid-content\">\r\n                                <p class=\"rkit-post-grid-paragraph\">Informieren Sie sich, wie Try and Hire Ihnen dabei helfen kann, die besten Talente zu&hellip;                                <\/p>\r\n                            <\/div>\r\n                                                                                            <\/div>\r\n                <\/div>\r\n                <div class=\"rkit-post-grid-card  elementor-animation-\">\r\n                                            <div class=\"rkit-image-container\">\r\n                                                        <a class=\"rkit-image-link\" style=\"overflow: hidden;\" href=\"https:\/\/www.helvetica-partners.com\/de\/trends-in-der-personalbeschaffung-im-jahr-2024\/\">\r\n                                <img decoding=\"async\" width=\"1920\" height=\"1272\" src=\"https:\/\/www.helvetica-partners.com\/wp-content\/uploads\/2024\/05\/tendances-du-recrutement.jpg\" class=\"rkit-post-grid-img wp-post-image\" alt=\"\" srcset=\"https:\/\/www.helvetica-partners.com\/wp-content\/uploads\/2024\/05\/tendances-du-recrutement.jpg 1920w, https:\/\/www.helvetica-partners.com\/wp-content\/uploads\/2024\/05\/tendances-du-recrutement-300x199.jpg 300w, https:\/\/www.helvetica-partners.com\/wp-content\/uploads\/2024\/05\/tendances-du-recrutement-1024x678.jpg 1024w, https:\/\/www.helvetica-partners.com\/wp-content\/uploads\/2024\/05\/tendances-du-recrutement-768x509.jpg 768w, https:\/\/www.helvetica-partners.com\/wp-content\/uploads\/2024\/05\/tendances-du-recrutement-1536x1018.jpg 1536w\" sizes=\"(max-width: 1920px) 100vw, 1920px\" \/>                            <\/a>\r\n                                                            <div class=\"rkit-float-metawrapper-date\">\r\n                                    <span><strong>06<\/strong>Mai<\/span>\r\n                                <\/div>   \r\n                                                    <\/div>\r\n                                        <div class=\"rkit-post-grid-body \">\r\n                                                    <div class=\"rkit-metadata\">\r\n                                                                                <div class=\"rkit-metadata-item\">\r\n                                                    <i aria-hidden=\"true\" class=\"rkit-meta-icon fas fa-user\"><\/i>                                                    <a href=\"https:\/\/www.helvetica-partners.com\/de\/author\/eminence\/\" title=\"Beitr\u00e4ge von Eminence\" rel=\"author\">Eminence<\/a>                                                <\/div>\r\n                                                                                            <div class=\"rkit-metadata-item\">\r\n                                                    <i aria-hidden=\"true\" class=\"rkit-meta-icon fas fa-calendar\"><\/i>                                                    <span>Mai 06, 2024<\/span>\r\n                                                <\/div>\r\n                                                                        <\/div>\r\n                                                                            <div class=\"rkit-post-grid-title-container\">\r\n                                <a class=\"rkit-post-grid-title\" href=\"https:\/\/www.helvetica-partners.com\/de\/trends-in-der-personalbeschaffung-im-jahr-2024\/\">Trends in der Personalbeschaffung im Jahr 2024<\/a>\r\n                            <\/div>\r\n                                                                                                    <div class=\"rkit-post-grid-content\">\r\n                                <p class=\"rkit-post-grid-paragraph\">Entdecken Sie die neuesten Trends und Entwicklungen im Recruiting im Jahr 2024, einschlie\u00dflich des Einsatzes&hellip;                                <\/p>\r\n                            <\/div>\r\n                                                                                            <\/div>\r\n                <\/div>\r\n        <\/div>\r\n        \t\t\t\t<\/div>\n\t\t\t\t<\/div>\n\t\t\t\t\t<\/div>\n\t\t<\/div>\n\t\t\t\t\t<\/div>\n\t\t<\/section>\n\t\t\t\t<\/div>\n\t\t","protected":false},"excerpt":{"rendered":"<p>Blog Startseite &gt; Blog Blog &amp; Article Lesen Sie unsere neuesten Artikel 24Mai Helvetica Partners mai 24, 2024 Les meilleures pratiques pour optimiser votre profil LinkedIn et attirer l&rsquo;attention des recruteurs En qu\u00eate d&#039;opportunit\u00e9s professionnelles ? D\u00e9couvrez comment vous d\u00e9marquer et faire de votre profil LinkedIn\u2026 16Mai Helvetica Partners mai 16, 2024 Le Try and [&hellip;]<\/p>\n","protected":false},"author":1,"featured_media":0,"parent":0,"menu_order":0,"comment_status":"closed","ping_status":"closed","template":"","meta":{"inline_featured_image":false,"footnotes":""},"class_list":["post-3193","page","type-page","status-publish","hentry"],"post_mailing_queue_ids":[],"_links":{"self":[{"href":"https:\/\/www.helvetica-partners.com\/de\/wp-json\/wp\/v2\/pages\/3193","targetHints":{"allow":["GET"]}}],"collection":[{"href":"https:\/\/www.helvetica-partners.com\/de\/wp-json\/wp\/v2\/pages"}],"about":[{"href":"https:\/\/www.helvetica-partners.com\/de\/wp-json\/wp\/v2\/types\/page"}],"author":[{"embeddable":true,"href":"https:\/\/www.helvetica-partners.com\/de\/wp-json\/wp\/v2\/users\/1"}],"replies":[{"embeddable":true,"href":"https:\/\/www.helvetica-partners.com\/de\/wp-json\/wp\/v2\/comments?post=3193"}],"version-history":[{"count":16,"href":"https:\/\/www.helvetica-partners.com\/de\/wp-json\/wp\/v2\/pages\/3193\/revisions"}],"predecessor-version":[{"id":7643,"href":"https:\/\/www.helvetica-partners.com\/de\/wp-json\/wp\/v2\/pages\/3193\/revisions\/7643"}],"wp:attachment":[{"href":"https:\/\/www.helvetica-partners.com\/de\/wp-json\/wp\/v2\/media?parent=3193"}],"curies":[{"name":"wp","href":"https:\/\/api.w.org\/{rel}","templated":true}]}}