{"id":5840,"date":"2024-10-29T22:43:16","date_gmt":"2024-10-29T21:43:16","guid":{"rendered":"https:\/\/dev-web.ch\/helvetica-partners\/?page_id=5840"},"modified":"2025-03-10T13:49:43","modified_gmt":"2025-03-10T12:49:43","slug":"cookie-richtlinie","status":"publish","type":"page","link":"https:\/\/www.helvetica-partners.com\/de\/cookie-richtlinie\/","title":{"rendered":"Cookie-Richtlinie"},"content":{"rendered":"\t\t<div data-elementor-type=\"wp-page\" data-elementor-id=\"5840\" class=\"elementor elementor-5840 elementor-5839\">\n\t\t\t\t\t\t<section class=\"elementor-section elementor-top-section elementor-element elementor-element-ea1e388 elementor-section-height-min-height elementor-section-boxed elementor-section-height-default elementor-section-items-middle\" data-id=\"ea1e388\" data-element_type=\"section\" data-settings=\"{&quot;background_background&quot;:&quot;gradient&quot;}\">\n\t\t\t\t\t\t<div class=\"elementor-container elementor-column-gap-default\">\n\t\t\t\t\t<div class=\"elementor-column elementor-col-100 elementor-top-column elementor-element elementor-element-092fcd6\" data-id=\"092fcd6\" data-element_type=\"column\">\n\t\t\t<div class=\"elementor-widget-wrap elementor-element-populated\">\n\t\t\t\t\t\t<div class=\"elementor-element elementor-element-6978e48 elementor-widget elementor-widget-heading\" data-id=\"6978e48\" data-element_type=\"widget\" data-widget_type=\"heading.default\">\n\t\t\t\t<div class=\"elementor-widget-container\">\n\t\t\t\t\t<h1 class=\"elementor-heading-title elementor-size-default\">Cookie-Richtlinie<\/h1>\t\t\t\t<\/div>\n\t\t\t\t<\/div>\n\t\t\t\t<div class=\"elementor-element elementor-element-97b0de9 elementor-widget elementor-widget-text-editor\" data-id=\"97b0de9\" data-element_type=\"widget\" data-widget_type=\"text-editor.default\">\n\t\t\t\t<div class=\"elementor-widget-container\">\n\t\t\t\t\t\t\t\t\t<p><a href=\"https:\/\/www.helvetica-partners.com\/de\/\">Startseite<\/a> &gt; Cookie-Richtlinie<\/p>\t\t\t\t\t\t\t\t<\/div>\n\t\t\t\t<\/div>\n\t\t\t\t\t<\/div>\n\t\t<\/div>\n\t\t\t\t\t<\/div>\n\t\t<\/section>\n\t\t<div class=\"elementor-element elementor-element-449bf477 e-flex e-con-boxed e-con e-parent\" data-id=\"449bf477\" data-element_type=\"container\">\n\t\t\t\t\t<div class=\"e-con-inner\">\n\t\t\t\t<div class=\"elementor-element elementor-element-63a04e5f elementor-widget elementor-widget-text-editor\" data-id=\"63a04e5f\" data-element_type=\"widget\" data-widget_type=\"text-editor.default\">\n\t\t\t\t<div class=\"elementor-widget-container\">\n\t\t\t\t\t\t\t\t\t<h3><strong>WAS IST EIN COOKIE?<\/strong><\/h3><p>Wie auf fast allen professionellen Websites \u00fcblich, verwendet auch diese Website Cookies, bei denen es sich um kleine Dateien handelt, die auf Ihrem Computer gespeichert werden, um Ihre Erfahrung zu verbessern. Auf dieser Seite wird beschrieben, welche Informationen sie sammeln, wie wir sie verwenden und warum wir diese Cookies manchmal speichern m\u00fcssen. Wir erkl\u00e4ren Ihnen auch, wie Sie verhindern k\u00f6nnen, dass Cookies gespeichert werden, was jedoch einige Funktionen der Website beeintr\u00e4chtigen oder \u201ebrechen\u201c kann.<\/p><p>Weitere allgemeine Informationen zu Cookies finden Sie im <a href=\"https:\/\/de.wikipedia.org\/wiki\/HTTP-Cookie\">Wikipedia-Artikel \u00fcber Cookies<\/a>.<\/p><h3>\u00a0<\/h3><h3><strong>WIE WIR COOKIES VERWENDEN<\/strong><\/h3><p>Wir verwenden Cookies aus verschiedenen, nachstehend beschriebenen Gr\u00fcnden. Leider gibt es in den meisten F\u00e4llen keine Standardoptionen zum Deaktivieren von Cookies, ohne die Funktionalit\u00e4t der Website vollst\u00e4ndig zu beeintr\u00e4chtigen. Es wird empfohlen, die Cookies aktiviert zu lassen, wenn Sie sich nicht sicher sind, ob Sie sie ben\u00f6tigen, da sie m\u00f6glicherweise verwendet werden, um einen Dienst zu erbringen, der f\u00fcr Sie notwendig ist.<\/p><h3>\u00a0<\/h3><h3><strong>COOKIES DEAKTIVIEREN<\/strong><\/h3><p>Sie k\u00f6nnen das Setzen von Cookies verhindern, indem Sie die Einstellungen Ihres Browsers anpassen (siehe die Hilfe Ihres Browsers, um zu erfahren, wie Sie dies tun). Beachten Sie, dass die Deaktivierung von Cookies die Funktionalit\u00e4t dieser und vieler anderer von Ihnen besuchter Websites beeintr\u00e4chtigen kann. Das Deaktivieren von Cookies f\u00fchrt in der Regel dazu, dass bestimmte Funktionen nicht mehr verf\u00fcgbar sind. Daher wird empfohlen, Cookies nicht \u00fcber Ihren Browser zu deaktivieren.<\/p><h3>\u00a0<\/h3><h3><strong>DIE COOKIES, DIE WIR VERWENDEN<\/strong><\/h3><h5><strong>Cookies im Zusammenhang mit Ihrem Konto<\/strong><\/h5><p>Wenn Sie ein Konto bei uns erstellen, verwenden wir Cookies f\u00fcr die Verwaltung des Registrierungsprozesses und der allgemeinen Administration. Diese Cookies werden normalerweise gel\u00f6scht, wenn Sie sich abmelden, in einigen F\u00e4llen k\u00f6nnen sie jedoch bestehen bleiben, um sich Ihre Website-Einstellungen nach der Abmeldung zu merken.<\/p><h5>\u00a0<\/h5><h5><strong>Cookies zur Benutzeroberfl\u00e4che\u00a0<\/strong><\/h5><p>Wir verwenden Cookies, wenn Sie eingeloggt sind, damit wir uns diesen Status merken k\u00f6nnen. Dies erspart Ihnen, sich jedes Mal erneut anmelden zu m\u00fcssen, wenn Sie eine neue Seite besuchen. Diese Cookies werden in der Regel gel\u00f6scht oder geleert, wenn Sie sich abmelden, um sicherzustellen, dass nur Sie Zugriff auf bestimmte Funktionen und gesch\u00fctzte Bereiche haben, wenn Sie eingeloggt sind.<\/p><h5>\u00a0<\/h5><h5><strong>Cookies im Zusammenhang mit E-Mails und Newslettern\u00a0<\/strong><\/h5><p>Diese Website verwendet E-Mails im Rahmen des Registrierungs- und Abmeldeprozesses und ihrer Newsletter-Dienste. Sie k\u00f6nnen auch dazu verwendet werden, den Status Ihres Kontos zu \u00fcberpr\u00fcfen und bestimmte Benachrichtigungen anzuzeigen, die f\u00fcr abonnierte oder abgemeldete Benutzer gelten.<\/p><h5>\u00a0<\/h5><h5><strong>Cookies bei der Nutzung von Formularen<\/strong><\/h5><p>Wenn Sie Daten \u00fcber ein Formular \u00fcbermitteln, wie es auf Kontaktseiten oder bei Kommentarfeldern der Fall ist, k\u00f6nnen Cookies gesetzt werden, um Ihre Benutzerdaten f\u00fcr zuk\u00fcnftige Korrespondenz zu speichern.<\/p><h5>\u00a0<\/h5><h5><strong>Cookies von Drittanbietern<\/strong><\/h5><p>In einigen speziellen F\u00e4llen verwenden wir auch Cookies, die von vertrauensw\u00fcrdigen Dritten bereitgestellt werden.<br \/>Im folgenden Abschnitt wird erl\u00e4utert, welche Cookies von Drittanbietern Sie \u00fcber diese Website verwenden k\u00f6nnten.<\/p><p>Diese Website verwendet Google Analytics, eine der am weitesten verbreiteten und zuverl\u00e4ssigsten Analysel\u00f6sungen im Web, die uns hilft, zu verstehen, wie Sie die Website nutzen und wie wir Ihre Erfahrung verbessern k\u00f6nnen. Diese Cookies k\u00f6nnen beispielsweise Dinge verfolgen, wie lange Sie auf der Website verweilen und welche Seiten Sie besuchen, damit wir weiterhin ansprechende Inhalte erstellen k\u00f6nnen.<\/p><p>Weitere Informationen zu den Cookies von Google Analytics finden Sie auf der offiziellen <a href=\"https:\/\/www.google.com\/analytics\/\">Google Analytics<\/a>-Website.<\/p><p>Von Zeit zu Zeit testen wir neue Funktionen und nehmen subtile \u00c4nderungen an der Art und Weise vor, wie die Website bereitgestellt wird. W\u00e4hrend wir neue Funktionen testen, k\u00f6nnen diese Cookies verwendet werden, um sicherzustellen, dass Sie eine konsistente Erfahrung auf der Website haben, und gleichzeitig verstehen wir, welche Optimierungen unsere Benutzer am meisten sch\u00e4tzen.<\/p><p>Wir verwenden auch Social-Media-Schaltfl\u00e4chen und\/oder Plugins auf dieser Website, mit denen Sie sich auf verschiedene Weise mit Ihrem sozialen Netzwerk verbinden k\u00f6nnen. Damit diese funktionieren, setzen Social-Media-Websites Cookies \u00fcber unsere Website, die verwendet werden k\u00f6nnen, um Ihr Profil auf ihrer Website zu verbessern oder zu den von ihnen gespeicherten Daten beizutragen.<\/p><h5>\u00a0<\/h5><h5><strong>Weitere informationen<\/strong><\/h5><p>Wir hoffen, dass diese Cookie-Richtlinie f\u00fcr Sie klar ist. Wie bereits erw\u00e4hnt, ist es im Allgemeinen sicherer, Cookies aktiviert zu lassen, wenn Sie sich nicht sicher sind, ob Sie sie ben\u00f6tigen, da sie m\u00f6glicherweise mit einer der Funktionen auf unserer Website interagieren, die Sie verwenden.<\/p><p>Sollten Sie dennoch weitere Informationen suchen, k\u00f6nnen Sie uns \u00fcber eine unserer bevorzugten Kontaktmethoden oder per E-Mail unter <a href=\"mailto:delegue.rgpd@helvetica-partners.com\">delegue.rgpd@helvetica-partners.com<\/a> erreichen.<\/p>\t\t\t\t\t\t\t\t<\/div>\n\t\t\t\t<\/div>\n\t\t\t\t\t<\/div>\n\t\t\t\t<\/div>\n\t\t\t\t<section class=\"elementor-section elementor-top-section elementor-element elementor-element-768518f elementor-section-boxed elementor-section-height-default elementor-section-height-default\" data-id=\"768518f\" data-element_type=\"section\">\n\t\t\t\t\t\t<div class=\"elementor-container elementor-column-gap-default\">\n\t\t\t\t\t<div class=\"elementor-column elementor-col-50 elementor-top-column elementor-element elementor-element-39520c7 animated-slow elementor-invisible\" data-id=\"39520c7\" data-element_type=\"column\" data-settings=\"{&quot;animation&quot;:&quot;fadeInUp&quot;}\">\n\t\t\t<div class=\"elementor-widget-wrap elementor-element-populated\">\n\t\t\t\t\t\t<div class=\"elementor-element elementor-element-70b5827 elementor-widget elementor-widget-elementskit-contact-form7\" data-id=\"70b5827\" data-element_type=\"widget\" data-widget_type=\"elementskit-contact-form7.default\">\n\t\t\t\t<div class=\"elementor-widget-container\">\n\t\t\t\t\t<div class=\"ekit-wid-con\" ><div class=\"ekit-form\">\n<div class=\"wpcf7 no-js\" id=\"wpcf7-f3731-o1\" lang=\"fr-FR\" dir=\"ltr\" data-wpcf7-id=\"3731\">\n<div class=\"screen-reader-response\"><p role=\"status\" aria-live=\"polite\" aria-atomic=\"true\"><\/p> <ul><\/ul><\/div>\n<form action=\"\/de\/wp-json\/wp\/v2\/pages\/5840#wpcf7-f3731-o1\" method=\"post\" class=\"wpcf7-form init\" aria-label=\"Formulaire de contact\" novalidate=\"novalidate\" data-status=\"init\">\n<div style=\"display: none;\">\n<input type=\"hidden\" name=\"_wpcf7\" value=\"3731\" \/>\n<input type=\"hidden\" name=\"_wpcf7_version\" value=\"6.0.4\" \/>\n<input type=\"hidden\" name=\"_wpcf7_locale\" value=\"fr_FR\" \/>\n<input type=\"hidden\" name=\"_wpcf7_unit_tag\" value=\"wpcf7-f3731-o1\" \/>\n<input type=\"hidden\" name=\"_wpcf7_container_post\" value=\"0\" \/>\n<input type=\"hidden\" name=\"_wpcf7_posted_data_hash\" value=\"\" \/>\n<input type=\"hidden\" name=\"_wpcf7_recaptcha_response\" value=\"\" \/>\n<\/div>\n<h4 class=\"white\">Hast du eine Frage?\n<\/h4>\n<p><span class=\"wpcf7-form-control-wrap\" data-name=\"your-name\"><input size=\"40\" maxlength=\"400\" class=\"wpcf7-form-control wpcf7-text wpcf7-validates-as-required\" autocomplete=\"name\" aria-required=\"true\" aria-invalid=\"false\" placeholder=\"Name*\" value=\"\" type=\"text\" name=\"your-name\" \/><\/span>\n<\/p>\n<p><span class=\"wpcf7-form-control-wrap\" data-name=\"your-email\"><input size=\"40\" maxlength=\"400\" class=\"wpcf7-form-control wpcf7-email wpcf7-validates-as-required wpcf7-text wpcf7-validates-as-email\" autocomplete=\"email\" aria-required=\"true\" aria-invalid=\"false\" placeholder=\"Email*\" value=\"\" type=\"email\" name=\"your-email\" \/><\/span>\n<\/p>\n<p><span class=\"wpcf7-form-control-wrap\" data-name=\"your-phone\"><input size=\"40\" maxlength=\"400\" class=\"wpcf7-form-control wpcf7-tel wpcf7-text wpcf7-validates-as-tel\" aria-invalid=\"false\" placeholder=\"Telefon\" value=\"\" type=\"tel\" name=\"your-phone\" \/><\/span>\n<\/p>\n<p><span class=\"wpcf7-form-control-wrap\" data-name=\"your-message\"><textarea cols=\"40\" rows=\"10\" maxlength=\"2000\" class=\"wpcf7-form-control wpcf7-textarea wpcf7-validates-as-required\" aria-required=\"true\" aria-invalid=\"false\" placeholder=\"Nachricht*\" name=\"your-message\"><\/textarea><\/span>\n<\/p>\n<p class=\"contact-accept\"><span class=\"wpcf7-form-control-wrap\" data-name=\"accept\"><span class=\"wpcf7-form-control wpcf7-checkbox wpcf7-validates-as-required\"><span class=\"wpcf7-list-item first last\"><input type=\"checkbox\" name=\"accept[]\" value=\"Ich\" \/><span class=\"wpcf7-list-item-label\">Ich<\/span><\/span><\/span><\/span> akzeptiere<span> <a href=\"https:\/\/www.helvetica-partners.com\/de\/datenschutzgrundsaetze\/\" target=\"_blank\">die allgemeinen Gesch\u00e4ftsbedingungen<\/a> *<\/span>\n<\/p>\n<p><input class=\"wpcf7-form-control wpcf7-submit has-spinner\" type=\"submit\" value=\"Senden\" \/>\n<\/p><div class=\"wpcf7-response-output\" aria-hidden=\"true\"><\/div>\n<\/form>\n<\/div>\n<\/div><\/div>\t\t\t\t<\/div>\n\t\t\t\t<\/div>\n\t\t\t\t\t<\/div>\n\t\t<\/div>\n\t\t\t\t<div class=\"elementor-column elementor-col-50 elementor-top-column elementor-element elementor-element-1ec5dea\" data-id=\"1ec5dea\" data-element_type=\"column\">\n\t\t\t<div class=\"elementor-widget-wrap elementor-element-populated\">\n\t\t\t\t\t\t<div class=\"elementor-element elementor-element-3c936ea elementor-widget elementor-widget-heading\" data-id=\"3c936ea\" data-element_type=\"widget\" data-widget_type=\"heading.default\">\n\t\t\t\t<div class=\"elementor-widget-container\">\n\t\t\t\t\t<h2 class=\"elementor-heading-title elementor-size-default\">Kontaktieren Sie uns!<\/h2>\t\t\t\t<\/div>\n\t\t\t\t<\/div>\n\t\t\t\t<div class=\"elementor-element elementor-element-243f760 elementor-widget elementor-widget-text-editor\" data-id=\"243f760\" data-element_type=\"widget\" data-widget_type=\"text-editor.default\">\n\t\t\t\t<div class=\"elementor-widget-container\">\n\t\t\t\t\t\t\t\t\t<p>Wir freuen uns darauf, mit Ihnen zu sprechen, und werden Ihnen so schnell wie m\u00f6glich antworten<\/p>\t\t\t\t\t\t\t\t<\/div>\n\t\t\t\t<\/div>\n\t\t\t\t<div class=\"elementor-element elementor-element-f59a55d elementor-view-stacked elementor-position-left elementor-vertical-align-middle blue-link elementor-shape-circle elementor-mobile-position-top elementor-widget elementor-widget-icon-box\" data-id=\"f59a55d\" data-element_type=\"widget\" data-widget_type=\"icon-box.default\">\n\t\t\t\t<div class=\"elementor-widget-container\">\n\t\t\t\t\t\t\t<div class=\"elementor-icon-box-wrapper\">\n\n\t\t\t\t\t\t<div class=\"elementor-icon-box-icon\">\n\t\t\t\t<span  class=\"elementor-icon\">\n\t\t\t\t<i aria-hidden=\"true\" class=\"fas fa-phone-alt\"><\/i>\t\t\t\t<\/span>\n\t\t\t<\/div>\n\t\t\t\n\t\t\t\t\t\t<div class=\"elementor-icon-box-content\">\n\n\t\t\t\t\t\t\t\t\t<h6 class=\"elementor-icon-box-title\">\n\t\t\t\t\t\t<span  >\n\t\t\t\t\t\t\tTelefon\t\t\t\t\t\t<\/span>\n\t\t\t\t\t<\/h6>\n\t\t\t\t\n\t\t\t\t\t\t\t\t\t<p class=\"elementor-icon-box-description\">\n\t\t\t\t\t\t<a href=\"tel:+41 22 310 73 23\">+41 22 310 73 23<\/a> \t\t\t\t\t<\/p>\n\t\t\t\t\n\t\t\t<\/div>\n\t\t\t\n\t\t<\/div>\n\t\t\t\t\t\t<\/div>\n\t\t\t\t<\/div>\n\t\t\t\t<div class=\"elementor-element elementor-element-3895d9d elementor-view-stacked elementor-position-left elementor-vertical-align-middle blue-link elementor-shape-circle elementor-mobile-position-top elementor-widget elementor-widget-icon-box\" data-id=\"3895d9d\" data-element_type=\"widget\" data-widget_type=\"icon-box.default\">\n\t\t\t\t<div class=\"elementor-widget-container\">\n\t\t\t\t\t\t\t<div class=\"elementor-icon-box-wrapper\">\n\n\t\t\t\t\t\t<div class=\"elementor-icon-box-icon\">\n\t\t\t\t<span  class=\"elementor-icon\">\n\t\t\t\t<i aria-hidden=\"true\" class=\"fas fa-envelope\"><\/i>\t\t\t\t<\/span>\n\t\t\t<\/div>\n\t\t\t\n\t\t\t\t\t\t<div class=\"elementor-icon-box-content\">\n\n\t\t\t\t\t\t\t\t\t<h6 class=\"elementor-icon-box-title\">\n\t\t\t\t\t\t<span  >\n\t\t\t\t\t\t\tEmail\t\t\t\t\t\t<\/span>\n\t\t\t\t\t<\/h6>\n\t\t\t\t\n\t\t\t\t\t\t\t\t\t<p class=\"elementor-icon-box-description\">\n\t\t\t\t\t\t<a href=\"mailto:contact@helvetica-partners.com\">contact@helvetica-partners.com<\/a>\t\t\t\t\t<\/p>\n\t\t\t\t\n\t\t\t<\/div>\n\t\t\t\n\t\t<\/div>\n\t\t\t\t\t\t<\/div>\n\t\t\t\t<\/div>\n\t\t\t\t<div class=\"elementor-element elementor-element-c8c5e20 elementor-view-stacked elementor-position-left elementor-vertical-align-middle elementor-shape-circle elementor-mobile-position-top elementor-widget elementor-widget-icon-box\" data-id=\"c8c5e20\" data-element_type=\"widget\" data-widget_type=\"icon-box.default\">\n\t\t\t\t<div class=\"elementor-widget-container\">\n\t\t\t\t\t\t\t<div class=\"elementor-icon-box-wrapper\">\n\n\t\t\t\t\t\t<div class=\"elementor-icon-box-icon\">\n\t\t\t\t<span  class=\"elementor-icon\">\n\t\t\t\t<i aria-hidden=\"true\" class=\"fas fa-map-marker-alt\"><\/i>\t\t\t\t<\/span>\n\t\t\t<\/div>\n\t\t\t\n\t\t\t\t\t\t<div class=\"elementor-icon-box-content\">\n\n\t\t\t\t\t\t\t\t\t<h6 class=\"elementor-icon-box-title\">\n\t\t\t\t\t\t<span  >\n\t\t\t\t\t\t\tAdresse\t\t\t\t\t\t<\/span>\n\t\t\t\t\t<\/h6>\n\t\t\t\t\n\t\t\t\t\t\t\t\t\t<p class=\"elementor-icon-box-description\">\n\t\t\t\t\t\tChemin des Aulx 5, 1228 Plan-les-Ouates (Geneva), Schweiz\t\t\t\t\t<\/p>\n\t\t\t\t\n\t\t\t<\/div>\n\t\t\t\n\t\t<\/div>\n\t\t\t\t\t\t<\/div>\n\t\t\t\t<\/div>\n\t\t\t\t<div class=\"elementor-element elementor-element-7d04151 elementor-hidden-mobile elementor-widget elementor-widget-spacer\" data-id=\"7d04151\" data-element_type=\"widget\" data-widget_type=\"spacer.default\">\n\t\t\t\t<div class=\"elementor-widget-container\">\n\t\t\t\t\t\t\t<div class=\"elementor-spacer\">\n\t\t\t<div class=\"elementor-spacer-inner\"><\/div>\n\t\t<\/div>\n\t\t\t\t\t\t<\/div>\n\t\t\t\t<\/div>\n\t\t\t\t<div class=\"elementor-element elementor-element-efd50ab elementor-widget elementor-widget-google_maps\" data-id=\"efd50ab\" data-element_type=\"widget\" data-widget_type=\"google_maps.default\">\n\t\t\t\t<div class=\"elementor-widget-container\">\n\t\t\t\t\t\t\t<div class=\"elementor-custom-embed\">\n\t\t\t<iframe loading=\"lazy\"\n\t\t\t\t\tsrc=\"https:\/\/maps.google.com\/maps?q=Helvetica%20Partners%20S%C3%A0rl%20Chemin%20des%20Aulx%205%2C%201228%20Plan-les-Ouates%2C%20Geneva%20Switzerland&#038;t=m&#038;z=12&#038;output=embed&#038;iwloc=near\"\n\t\t\t\t\ttitle=\"Helvetica Partners S\u00e0rl Chemin des Aulx 5, 1228 Plan-les-Ouates, Geneva Switzerland\"\n\t\t\t\t\taria-label=\"Helvetica Partners S\u00e0rl Chemin des Aulx 5, 1228 Plan-les-Ouates, Geneva Switzerland\"\n\t\t\t><\/iframe>\n\t\t<\/div>\n\t\t\t\t\t\t<\/div>\n\t\t\t\t<\/div>\n\t\t\t\t\t<\/div>\n\t\t<\/div>\n\t\t\t\t\t<\/div>\n\t\t<\/section>\n\t\t\t\t<\/div>\n\t\t","protected":false},"excerpt":{"rendered":"<p>Cookie-Richtlinie Startseite &gt; Cookie-Richtlinie WAS IST EIN COOKIE? Wie auf fast allen professionellen Websites \u00fcblich, verwendet auch diese Website Cookies, bei denen es sich um kleine Dateien handelt, die auf Ihrem Computer gespeichert werden, um Ihre Erfahrung zu verbessern. Auf dieser Seite wird beschrieben, welche Informationen sie sammeln, wie wir sie verwenden und warum wir [&hellip;]<\/p>\n","protected":false},"author":1,"featured_media":0,"parent":0,"menu_order":0,"comment_status":"closed","ping_status":"closed","template":"","meta":{"inline_featured_image":false,"footnotes":""},"class_list":["post-5840","page","type-page","status-publish","hentry"],"post_mailing_queue_ids":[],"_links":{"self":[{"href":"https:\/\/www.helvetica-partners.com\/de\/wp-json\/wp\/v2\/pages\/5840","targetHints":{"allow":["GET"]}}],"collection":[{"href":"https:\/\/www.helvetica-partners.com\/de\/wp-json\/wp\/v2\/pages"}],"about":[{"href":"https:\/\/www.helvetica-partners.com\/de\/wp-json\/wp\/v2\/types\/page"}],"author":[{"embeddable":true,"href":"https:\/\/www.helvetica-partners.com\/de\/wp-json\/wp\/v2\/users\/1"}],"replies":[{"embeddable":true,"href":"https:\/\/www.helvetica-partners.com\/de\/wp-json\/wp\/v2\/comments?post=5840"}],"version-history":[{"count":35,"href":"https:\/\/www.helvetica-partners.com\/de\/wp-json\/wp\/v2\/pages\/5840\/revisions"}],"predecessor-version":[{"id":7990,"href":"https:\/\/www.helvetica-partners.com\/de\/wp-json\/wp\/v2\/pages\/5840\/revisions\/7990"}],"wp:attachment":[{"href":"https:\/\/www.helvetica-partners.com\/de\/wp-json\/wp\/v2\/media?parent=5840"}],"curies":[{"name":"wp","href":"https:\/\/api.w.org\/{rel}","templated":true}]}}